{"id":704,"date":"2019-09-18T16:34:12","date_gmt":"2019-09-18T14:34:12","guid":{"rendered":"https:\/\/medical-mission.sivananda.eu\/merci\/"},"modified":"2019-09-21T14:48:24","modified_gmt":"2019-09-21T12:48:24","slug":"merci","status":"publish","type":"page","link":"https:\/\/medical-mission.sivananda.eu\/fr\/merci\/","title":{"rendered":"Merci"},"content":{"rendered":"<p>Nous vous remercions de votre donation pour la Mission m\u00e9dicale Sivananda.<\/p>\n<p>Vous allez recevoir un re\u00e7u automatique d\u00e8s que votre donation aura \u00e9t\u00e9 trait\u00e9 par Paypal.<\/p>\n<p>&nbsp;<\/p>\n<p>&nbsp;<\/p>\n<p>&nbsp;<\/p>\n<p>&nbsp;<\/p>\n","protected":false},"excerpt":{"rendered":"<p>Nous vous remercions de votre donation pour la Mission m\u00e9dicale Sivananda. Vous allez recevoir un re\u00e7u automatique d\u00e8s que votre donation aura \u00e9t\u00e9 trait\u00e9 par Paypal. &nbsp; &nbsp; &nbsp; &nbsp;<\/p>\n","protected":false},"author":5,"featured_media":0,"parent":0,"menu_order":0,"comment_status":"closed","ping_status":"closed","template":"","meta":{"_et_pb_use_builder":"","_et_pb_old_content":"","_et_gb_content_width":"","footnotes":""},"class_list":["post-704","page","type-page","status-publish","hentry"],"yoast_head":"<!-- This site is optimized with the Yoast SEO plugin v27.5 - https:\/\/yoast.com\/product\/yoast-seo-wordpress\/ -->\n<title>Merci - Sivananda Medical Mission<\/title>\n<meta name=\"robots\" content=\"index, follow, max-snippet:-1, max-image-preview:large, max-video-preview:-1\" \/>\n<link rel=\"canonical\" href=\"https:\/\/medical-mission.sivananda.eu\/fr\/merci\/\" \/>\n<meta property=\"og:locale\" content=\"fr_FR\" \/>\n<meta property=\"og:type\" content=\"article\" \/>\n<meta property=\"og:title\" content=\"Merci - Sivananda Medical Mission\" \/>\n<meta property=\"og:description\" content=\"Nous vous remercions de votre donation pour la Mission m\u00e9dicale Sivananda. Vous allez recevoir un re\u00e7u automatique d\u00e8s que votre donation aura \u00e9t\u00e9 trait\u00e9 par Paypal. &nbsp; &nbsp; &nbsp; &nbsp;\" \/>\n<meta property=\"og:url\" content=\"https:\/\/medical-mission.sivananda.eu\/fr\/merci\/\" \/>\n<meta property=\"og:site_name\" content=\"Sivananda Medical Mission\" \/>\n<meta property=\"article:modified_time\" content=\"2019-09-21T12:48:24+00:00\" \/>\n<script type=\"application\/ld+json\" class=\"yoast-schema-graph\">{\"@context\":\"https:\\\/\\\/schema.org\",\"@graph\":[{\"@type\":\"WebPage\",\"@id\":\"https:\\\/\\\/medical-mission.sivananda.eu\\\/fr\\\/merci\\\/\",\"url\":\"https:\\\/\\\/medical-mission.sivananda.eu\\\/fr\\\/merci\\\/\",\"name\":\"Merci - Sivananda Medical Mission\",\"isPartOf\":{\"@id\":\"https:\\\/\\\/medical-mission.sivananda.eu\\\/fr\\\/#website\"},\"datePublished\":\"2019-09-18T14:34:12+00:00\",\"dateModified\":\"2019-09-21T12:48:24+00:00\",\"breadcrumb\":{\"@id\":\"https:\\\/\\\/medical-mission.sivananda.eu\\\/fr\\\/merci\\\/#breadcrumb\"},\"inLanguage\":\"fr-FR\",\"potentialAction\":[{\"@type\":\"ReadAction\",\"target\":[\"https:\\\/\\\/medical-mission.sivananda.eu\\\/fr\\\/merci\\\/\"]}]},{\"@type\":\"BreadcrumbList\",\"@id\":\"https:\\\/\\\/medical-mission.sivananda.eu\\\/fr\\\/merci\\\/#breadcrumb\",\"itemListElement\":[{\"@type\":\"ListItem\",\"position\":1,\"name\":\"Home\",\"item\":\"https:\\\/\\\/medical-mission.sivananda.eu\\\/fr\\\/\"},{\"@type\":\"ListItem\",\"position\":2,\"name\":\"Merci\"}]},{\"@type\":\"WebSite\",\"@id\":\"https:\\\/\\\/medical-mission.sivananda.eu\\\/fr\\\/#website\",\"url\":\"https:\\\/\\\/medical-mission.sivananda.eu\\\/fr\\\/\",\"name\":\"Sivananda Medical Mission\",\"description\":\"International Sivananda Yoga Centres\",\"publisher\":{\"@id\":\"https:\\\/\\\/medical-mission.sivananda.eu\\\/fr\\\/#organization\"},\"potentialAction\":[{\"@type\":\"SearchAction\",\"target\":{\"@type\":\"EntryPoint\",\"urlTemplate\":\"https:\\\/\\\/medical-mission.sivananda.eu\\\/fr\\\/?s={search_term_string}\"},\"query-input\":{\"@type\":\"PropertyValueSpecification\",\"valueRequired\":true,\"valueName\":\"search_term_string\"}}],\"inLanguage\":\"fr-FR\"},{\"@type\":\"Organization\",\"@id\":\"https:\\\/\\\/medical-mission.sivananda.eu\\\/fr\\\/#organization\",\"name\":\"Sivananda Medical Mission\",\"url\":\"https:\\\/\\\/medical-mission.sivananda.eu\\\/fr\\\/\",\"logo\":{\"@type\":\"ImageObject\",\"inLanguage\":\"fr-FR\",\"@id\":\"https:\\\/\\\/medical-mission.sivananda.eu\\\/fr\\\/#\\\/schema\\\/logo\\\/image\\\/\",\"url\":\"https:\\\/\\\/medical-mission.sivananda.eu\\\/wp-content\\\/uploads\\\/2019\\\/08\\\/two-logo-transparent.png\",\"contentUrl\":\"https:\\\/\\\/medical-mission.sivananda.eu\\\/wp-content\\\/uploads\\\/2019\\\/08\\\/two-logo-transparent.png\",\"width\":200,\"height\":191,\"caption\":\"Sivananda Medical Mission\"},\"image\":{\"@id\":\"https:\\\/\\\/medical-mission.sivananda.eu\\\/fr\\\/#\\\/schema\\\/logo\\\/image\\\/\"}}]}<\/script>\n<!-- \/ Yoast SEO plugin. -->","yoast_head_json":{"title":"Merci - Sivananda Medical Mission","robots":{"index":"index","follow":"follow","max-snippet":"max-snippet:-1","max-image-preview":"max-image-preview:large","max-video-preview":"max-video-preview:-1"},"canonical":"https:\/\/medical-mission.sivananda.eu\/fr\/merci\/","og_locale":"fr_FR","og_type":"article","og_title":"Merci - Sivananda Medical Mission","og_description":"Nous vous remercions de votre donation pour la Mission m\u00e9dicale Sivananda. Vous allez recevoir un re\u00e7u automatique d\u00e8s que votre donation aura \u00e9t\u00e9 trait\u00e9 par Paypal. &nbsp; &nbsp; &nbsp; &nbsp;","og_url":"https:\/\/medical-mission.sivananda.eu\/fr\/merci\/","og_site_name":"Sivananda Medical Mission","article_modified_time":"2019-09-21T12:48:24+00:00","schema":{"@context":"https:\/\/schema.org","@graph":[{"@type":"WebPage","@id":"https:\/\/medical-mission.sivananda.eu\/fr\/merci\/","url":"https:\/\/medical-mission.sivananda.eu\/fr\/merci\/","name":"Merci - Sivananda Medical Mission","isPartOf":{"@id":"https:\/\/medical-mission.sivananda.eu\/fr\/#website"},"datePublished":"2019-09-18T14:34:12+00:00","dateModified":"2019-09-21T12:48:24+00:00","breadcrumb":{"@id":"https:\/\/medical-mission.sivananda.eu\/fr\/merci\/#breadcrumb"},"inLanguage":"fr-FR","potentialAction":[{"@type":"ReadAction","target":["https:\/\/medical-mission.sivananda.eu\/fr\/merci\/"]}]},{"@type":"BreadcrumbList","@id":"https:\/\/medical-mission.sivananda.eu\/fr\/merci\/#breadcrumb","itemListElement":[{"@type":"ListItem","position":1,"name":"Home","item":"https:\/\/medical-mission.sivananda.eu\/fr\/"},{"@type":"ListItem","position":2,"name":"Merci"}]},{"@type":"WebSite","@id":"https:\/\/medical-mission.sivananda.eu\/fr\/#website","url":"https:\/\/medical-mission.sivananda.eu\/fr\/","name":"Sivananda Medical Mission","description":"International Sivananda Yoga Centres","publisher":{"@id":"https:\/\/medical-mission.sivananda.eu\/fr\/#organization"},"potentialAction":[{"@type":"SearchAction","target":{"@type":"EntryPoint","urlTemplate":"https:\/\/medical-mission.sivananda.eu\/fr\/?s={search_term_string}"},"query-input":{"@type":"PropertyValueSpecification","valueRequired":true,"valueName":"search_term_string"}}],"inLanguage":"fr-FR"},{"@type":"Organization","@id":"https:\/\/medical-mission.sivananda.eu\/fr\/#organization","name":"Sivananda Medical Mission","url":"https:\/\/medical-mission.sivananda.eu\/fr\/","logo":{"@type":"ImageObject","inLanguage":"fr-FR","@id":"https:\/\/medical-mission.sivananda.eu\/fr\/#\/schema\/logo\/image\/","url":"https:\/\/medical-mission.sivananda.eu\/wp-content\/uploads\/2019\/08\/two-logo-transparent.png","contentUrl":"https:\/\/medical-mission.sivananda.eu\/wp-content\/uploads\/2019\/08\/two-logo-transparent.png","width":200,"height":191,"caption":"Sivananda Medical Mission"},"image":{"@id":"https:\/\/medical-mission.sivananda.eu\/fr\/#\/schema\/logo\/image\/"}}]}},"_links":{"self":[{"href":"https:\/\/medical-mission.sivananda.eu\/fr\/wp-json\/wp\/v2\/pages\/704","targetHints":{"allow":["GET"]}}],"collection":[{"href":"https:\/\/medical-mission.sivananda.eu\/fr\/wp-json\/wp\/v2\/pages"}],"about":[{"href":"https:\/\/medical-mission.sivananda.eu\/fr\/wp-json\/wp\/v2\/types\/page"}],"author":[{"embeddable":true,"href":"https:\/\/medical-mission.sivananda.eu\/fr\/wp-json\/wp\/v2\/users\/5"}],"replies":[{"embeddable":true,"href":"https:\/\/medical-mission.sivananda.eu\/fr\/wp-json\/wp\/v2\/comments?post=704"}],"version-history":[{"count":1,"href":"https:\/\/medical-mission.sivananda.eu\/fr\/wp-json\/wp\/v2\/pages\/704\/revisions"}],"predecessor-version":[{"id":742,"href":"https:\/\/medical-mission.sivananda.eu\/fr\/wp-json\/wp\/v2\/pages\/704\/revisions\/742"}],"wp:attachment":[{"href":"https:\/\/medical-mission.sivananda.eu\/fr\/wp-json\/wp\/v2\/media?parent=704"}],"curies":[{"name":"wp","href":"https:\/\/api.w.org\/{rel}","templated":true}]}}