{"id":698,"date":"2019-09-18T16:17:35","date_gmt":"2019-09-18T14:17:35","guid":{"rendered":"https:\/\/medical-mission.sivananda.eu\/mention-legale\/"},"modified":"2019-09-18T16:17:36","modified_gmt":"2019-09-18T14:17:36","slug":"mention-legale","status":"publish","type":"page","link":"https:\/\/medical-mission.sivananda.eu\/fr\/mention-legale\/","title":{"rendered":"Mention l\u00e9gale"},"content":{"rendered":"<p>[et_pb_section fb_built=\u00a0\u00bb1&Prime; _builder_version=\u00a0\u00bb3.22.3&Prime;][et_pb_row _builder_version=\u00a0\u00bb3.25.4&Prime;][et_pb_column type=\u00a0\u00bb4_4&Prime; _builder_version=\u00a0\u00bb3.25.4&Prime;][et_pb_text _builder_version=\u00a0\u00bb3.25.4&Prime;]<\/p>\n<h1>Mention l\u00e9gale<\/h1>\n<p>[\/et_pb_text][\/et_pb_column][\/et_pb_row][et_pb_row column_structure=\u00a0\u00bb1_2,1_2&Prime; _builder_version=\u00a0\u00bb3.25.4&Prime; background_size=\u00a0\u00bbinitial\u00a0\u00bb background_position=\u00a0\u00bbtop_left\u00a0\u00bb background_repeat=\u00a0\u00bbrepeat\u00a0\u00bb][et_pb_column type=\u00a0\u00bb1_2&Prime; _builder_version=\u00a0\u00bb3.25&Prime; custom_padding=\u00a0\u00bb|||\u00a0\u00bb custom_padding__hover=\u00a0\u00bb|||\u00a0\u00bb][et_pb_text _builder_version=\u00a0\u00bb3.25.4&Prime; background_size=\u00a0\u00bbinitial\u00a0\u00bb background_position=\u00a0\u00bbtop_left\u00a0\u00bb background_repeat=\u00a0\u00bbrepeat\u00a0\u00bb]<\/p>\n<h2>\u00c9diteur<\/h2>\n<p>Le contenu du site internet est sous la responsabilit\u00e9 de:<\/p>\n<p>Sivananda Medical Mission<br \/>\nRoute de Fontenex 5 B<br \/>\n1208 Gen\u00e8ve<br \/>\nSuisse<\/p>\n<p>Tel: +41 (0)22 328 03 28<\/p>\n<p>E-mail: <a href=\"mailto:medical@sivananda.net\">medical@sivananda.net<\/a><\/p>\n<p>Contact: Jonas M\u00fcller[\/et_pb_text][\/et_pb_column][et_pb_column type=\u00a0\u00bb1_2&Prime; _builder_version=\u00a0\u00bb3.25&Prime; custom_padding=\u00a0\u00bb|||\u00a0\u00bb custom_padding__hover=\u00a0\u00bb|||\u00a0\u00bb][et_pb_text _builder_version=\u00a0\u00bb3.25.4&Prime;]<\/p>\n<h2>Copyright<\/h2>\n<p>\u00a9 Sivananda Medical Mission.<\/p>\n<p>Tout le contenu textes et les photos de ce site internet est prot\u00e9g\u00e9 par le droit d&rsquo;auteur. Son utilisation est interdite sans une autorisation \u00e9crite des d\u00e9tenteurs des droits d&rsquo;auteur. Les violations du droit d&rsquo;auteur feront l&rsquo;objet de poursuites conform\u00e9ment aux lois applicables.[\/et_pb_text][\/et_pb_column][\/et_pb_row][\/et_pb_section]<\/p>\n","protected":false},"excerpt":{"rendered":"<p>Mention l\u00e9gale\u00c9diteur Le contenu du site internet est sous la responsabilit\u00e9 de: Sivananda Medical Mission Route de Fontenex 5 B 1208 Gen\u00e8ve Suisse Tel: +41 (0)22 328 03 28 E-mail: medical@sivananda.net Contact: Jonas M\u00fcllerCopyright \u00a9 Sivananda Medical Mission. Tout le contenu textes et les photos de ce site internet est prot\u00e9g\u00e9 par le droit d&rsquo;auteur. [&hellip;]<\/p>\n","protected":false},"author":1,"featured_media":0,"parent":0,"menu_order":0,"comment_status":"open","ping_status":"closed","template":"","meta":{"_et_pb_use_builder":"on","_et_pb_old_content":"<p>Lorem ipsum dolor sit amet, consetetur sadipscing elitr, sed diam nonumy eirmod tempor invidunt ut labore et dolore magna aliquyam erat, sed diam voluptua. At vero eos et accusam et justo duo dolores et ea rebum. Stet clita kasd gubergren, no sea takimata sanctus est Lorem ipsum dolor sit amet. Lorem ipsum dolor sit amet, consetetur sadipscing elitr, sed diam nonumy eirmod tempor invidunt ut labore et dolore magna aliquyam erat, sed diam voluptua. At vero eos et accusam et justo duo dolores et ea rebum. Stet clita kasd gubergren, no sea takimata sanctus est Lorem ipsum dolor sit amet. Lorem ipsum dolor sit amet, consetetur sadipscing elitr, sed diam nonumy eirmod tempor invidunt ut labore et dolore magna aliquyam erat, sed diam voluptua. At vero eos et accusam et justo duo dolores et ea rebum. Stet clita kasd gubergren, no sea takimata sanctus est Lorem ipsum dolor sit amet.<\/p><p>Duis autem vel eum iriure dolor in hendrerit in vulputate velit esse molestie consequat, vel illum dolore eu feugiat nulla facilisis at vero eros et accumsan et iusto odio dignissim qui blandit praesent luptatum zzril delenit augue duis dolore te feugait nulla facilisi. Lorem ipsum dolor sit amet, consectetuer adipiscing elit, sed diam nonummy nibh euismod tincidunt ut laoreet dolore magna aliquam erat volutpat.<\/p><p>Ut wisi enim ad minim veniam, quis nostrud exerci tation ullamcorper suscipit lobortis nisl ut aliquip ex ea commodo consequat. Duis autem vel eum iriure dolor in hendrerit in vulputate velit esse molestie consequat, vel illum dolore eu feugiat nulla facilisis at vero eros et accumsan et iusto odio dignissim qui blandit praesent luptatum zzril delenit augue duis dolore te feugait nulla facilisi.<\/p><p>Nam liber tempor cum soluta nobis eleifend option congue nihil imperdiet doming id quod mazim placerat facer possim assum. Lorem ipsum dolor sit amet, consectetuer adipiscing elit, sed diam nonummy nibh euismod tincidunt ut laoreet dolore magna aliquam erat volutpat. Ut wisi enim ad minim veniam, quis nostrud exerci tation ullamcorper suscipit lobortis nisl ut aliquip ex ea commodo consequat.<\/p><p>Duis autem vel eum iriure dolor in hendrerit in vulputate velit esse molestie consequat, vel illum dolore eu feugiat nulla facilisis.<\/p><p>At vero eos et accusam et justo duo dolores et ea rebum. Stet clita kasd gubergren, no sea takimata sanctus est Lorem ipsum dolor sit amet. Lorem ipsum dolor sit amet, consetetur sadipscing elitr, sed diam nonumy eirmod tempor invidunt ut labore et dolore magna aliquyam erat, sed diam voluptua. At vero eos et accusam et justo duo dolores et ea rebum. Stet clita kasd gubergren, no sea takimata sanctus est Lorem ipsum dolor sit amet. Lorem ipsum dolor sit amet, consetetur sadipscing elitr, At accusam aliquyam diam diam dolore dolores duo eirmod eos erat, et nonumy sed tempor et et invidunt justo labore Stet clita ea et gubergren, kasd magna no rebum. sanctus sea sed takimata ut vero voluptua. est Lorem ipsum dolor sit amet. Lorem ipsum dolor sit amet, consetetur<\/p>","_et_gb_content_width":"","footnotes":""},"class_list":["post-698","page","type-page","status-publish","hentry"],"yoast_head":"<!-- This site is optimized with the Yoast SEO plugin v27.5 - https:\/\/yoast.com\/product\/yoast-seo-wordpress\/ -->\n<title>Mention l\u00e9gale - Sivananda Medical Mission<\/title>\n<meta name=\"robots\" content=\"index, follow, max-snippet:-1, max-image-preview:large, max-video-preview:-1\" \/>\n<link rel=\"canonical\" href=\"https:\/\/medical-mission.sivananda.eu\/fr\/mention-legale\/\" \/>\n<meta property=\"og:locale\" content=\"fr_FR\" \/>\n<meta property=\"og:type\" content=\"article\" \/>\n<meta property=\"og:title\" content=\"Mention l\u00e9gale - Sivananda Medical Mission\" \/>\n<meta property=\"og:description\" content=\"Mention l\u00e9gale\u00c9diteur Le contenu du site internet est sous la responsabilit\u00e9 de: Sivananda Medical Mission Route de Fontenex 5 B 1208 Gen\u00e8ve Suisse Tel: +41 (0)22 328 03 28 E-mail: medical@sivananda.net Contact: Jonas M\u00fcllerCopyright \u00a9 Sivananda Medical Mission. Tout le contenu textes et les photos de ce site internet est prot\u00e9g\u00e9 par le droit d&#039;auteur. [&hellip;]\" \/>\n<meta property=\"og:url\" content=\"https:\/\/medical-mission.sivananda.eu\/fr\/mention-legale\/\" \/>\n<meta property=\"og:site_name\" content=\"Sivananda Medical Mission\" \/>\n<meta property=\"article:modified_time\" content=\"2019-09-18T14:17:36+00:00\" \/>\n<meta name=\"twitter:label1\" content=\"Dur\u00e9e de lecture estim\u00e9e\" \/>\n\t<meta name=\"twitter:data1\" content=\"1 minute\" \/>\n<script type=\"application\/ld+json\" class=\"yoast-schema-graph\">{\"@context\":\"https:\\\/\\\/schema.org\",\"@graph\":[{\"@type\":\"WebPage\",\"@id\":\"https:\\\/\\\/medical-mission.sivananda.eu\\\/fr\\\/mention-legale\\\/\",\"url\":\"https:\\\/\\\/medical-mission.sivananda.eu\\\/fr\\\/mention-legale\\\/\",\"name\":\"Mention l\u00e9gale - Sivananda Medical Mission\",\"isPartOf\":{\"@id\":\"https:\\\/\\\/medical-mission.sivananda.eu\\\/fr\\\/#website\"},\"datePublished\":\"2019-09-18T14:17:35+00:00\",\"dateModified\":\"2019-09-18T14:17:36+00:00\",\"breadcrumb\":{\"@id\":\"https:\\\/\\\/medical-mission.sivananda.eu\\\/fr\\\/mention-legale\\\/#breadcrumb\"},\"inLanguage\":\"fr-FR\",\"potentialAction\":[{\"@type\":\"ReadAction\",\"target\":[\"https:\\\/\\\/medical-mission.sivananda.eu\\\/fr\\\/mention-legale\\\/\"]}]},{\"@type\":\"BreadcrumbList\",\"@id\":\"https:\\\/\\\/medical-mission.sivananda.eu\\\/fr\\\/mention-legale\\\/#breadcrumb\",\"itemListElement\":[{\"@type\":\"ListItem\",\"position\":1,\"name\":\"Home\",\"item\":\"https:\\\/\\\/medical-mission.sivananda.eu\\\/fr\\\/\"},{\"@type\":\"ListItem\",\"position\":2,\"name\":\"Mention l\u00e9gale\"}]},{\"@type\":\"WebSite\",\"@id\":\"https:\\\/\\\/medical-mission.sivananda.eu\\\/fr\\\/#website\",\"url\":\"https:\\\/\\\/medical-mission.sivananda.eu\\\/fr\\\/\",\"name\":\"Sivananda Medical Mission\",\"description\":\"International Sivananda Yoga Centres\",\"publisher\":{\"@id\":\"https:\\\/\\\/medical-mission.sivananda.eu\\\/fr\\\/#organization\"},\"potentialAction\":[{\"@type\":\"SearchAction\",\"target\":{\"@type\":\"EntryPoint\",\"urlTemplate\":\"https:\\\/\\\/medical-mission.sivananda.eu\\\/fr\\\/?s={search_term_string}\"},\"query-input\":{\"@type\":\"PropertyValueSpecification\",\"valueRequired\":true,\"valueName\":\"search_term_string\"}}],\"inLanguage\":\"fr-FR\"},{\"@type\":\"Organization\",\"@id\":\"https:\\\/\\\/medical-mission.sivananda.eu\\\/fr\\\/#organization\",\"name\":\"Sivananda Medical Mission\",\"url\":\"https:\\\/\\\/medical-mission.sivananda.eu\\\/fr\\\/\",\"logo\":{\"@type\":\"ImageObject\",\"inLanguage\":\"fr-FR\",\"@id\":\"https:\\\/\\\/medical-mission.sivananda.eu\\\/fr\\\/#\\\/schema\\\/logo\\\/image\\\/\",\"url\":\"https:\\\/\\\/medical-mission.sivananda.eu\\\/wp-content\\\/uploads\\\/2019\\\/08\\\/two-logo-transparent.png\",\"contentUrl\":\"https:\\\/\\\/medical-mission.sivananda.eu\\\/wp-content\\\/uploads\\\/2019\\\/08\\\/two-logo-transparent.png\",\"width\":200,\"height\":191,\"caption\":\"Sivananda Medical Mission\"},\"image\":{\"@id\":\"https:\\\/\\\/medical-mission.sivananda.eu\\\/fr\\\/#\\\/schema\\\/logo\\\/image\\\/\"}}]}<\/script>\n<!-- \/ Yoast SEO plugin. -->","yoast_head_json":{"title":"Mention l\u00e9gale - Sivananda Medical Mission","robots":{"index":"index","follow":"follow","max-snippet":"max-snippet:-1","max-image-preview":"max-image-preview:large","max-video-preview":"max-video-preview:-1"},"canonical":"https:\/\/medical-mission.sivananda.eu\/fr\/mention-legale\/","og_locale":"fr_FR","og_type":"article","og_title":"Mention l\u00e9gale - Sivananda Medical Mission","og_description":"Mention l\u00e9gale\u00c9diteur Le contenu du site internet est sous la responsabilit\u00e9 de: Sivananda Medical Mission Route de Fontenex 5 B 1208 Gen\u00e8ve Suisse Tel: +41 (0)22 328 03 28 E-mail: medical@sivananda.net Contact: Jonas M\u00fcllerCopyright \u00a9 Sivananda Medical Mission. Tout le contenu textes et les photos de ce site internet est prot\u00e9g\u00e9 par le droit d'auteur. [&hellip;]","og_url":"https:\/\/medical-mission.sivananda.eu\/fr\/mention-legale\/","og_site_name":"Sivananda Medical Mission","article_modified_time":"2019-09-18T14:17:36+00:00","twitter_misc":{"Dur\u00e9e de lecture estim\u00e9e":"1 minute"},"schema":{"@context":"https:\/\/schema.org","@graph":[{"@type":"WebPage","@id":"https:\/\/medical-mission.sivananda.eu\/fr\/mention-legale\/","url":"https:\/\/medical-mission.sivananda.eu\/fr\/mention-legale\/","name":"Mention l\u00e9gale - Sivananda Medical Mission","isPartOf":{"@id":"https:\/\/medical-mission.sivananda.eu\/fr\/#website"},"datePublished":"2019-09-18T14:17:35+00:00","dateModified":"2019-09-18T14:17:36+00:00","breadcrumb":{"@id":"https:\/\/medical-mission.sivananda.eu\/fr\/mention-legale\/#breadcrumb"},"inLanguage":"fr-FR","potentialAction":[{"@type":"ReadAction","target":["https:\/\/medical-mission.sivananda.eu\/fr\/mention-legale\/"]}]},{"@type":"BreadcrumbList","@id":"https:\/\/medical-mission.sivananda.eu\/fr\/mention-legale\/#breadcrumb","itemListElement":[{"@type":"ListItem","position":1,"name":"Home","item":"https:\/\/medical-mission.sivananda.eu\/fr\/"},{"@type":"ListItem","position":2,"name":"Mention l\u00e9gale"}]},{"@type":"WebSite","@id":"https:\/\/medical-mission.sivananda.eu\/fr\/#website","url":"https:\/\/medical-mission.sivananda.eu\/fr\/","name":"Sivananda Medical Mission","description":"International Sivananda Yoga Centres","publisher":{"@id":"https:\/\/medical-mission.sivananda.eu\/fr\/#organization"},"potentialAction":[{"@type":"SearchAction","target":{"@type":"EntryPoint","urlTemplate":"https:\/\/medical-mission.sivananda.eu\/fr\/?s={search_term_string}"},"query-input":{"@type":"PropertyValueSpecification","valueRequired":true,"valueName":"search_term_string"}}],"inLanguage":"fr-FR"},{"@type":"Organization","@id":"https:\/\/medical-mission.sivananda.eu\/fr\/#organization","name":"Sivananda Medical Mission","url":"https:\/\/medical-mission.sivananda.eu\/fr\/","logo":{"@type":"ImageObject","inLanguage":"fr-FR","@id":"https:\/\/medical-mission.sivananda.eu\/fr\/#\/schema\/logo\/image\/","url":"https:\/\/medical-mission.sivananda.eu\/wp-content\/uploads\/2019\/08\/two-logo-transparent.png","contentUrl":"https:\/\/medical-mission.sivananda.eu\/wp-content\/uploads\/2019\/08\/two-logo-transparent.png","width":200,"height":191,"caption":"Sivananda Medical Mission"},"image":{"@id":"https:\/\/medical-mission.sivananda.eu\/fr\/#\/schema\/logo\/image\/"}}]}},"_links":{"self":[{"href":"https:\/\/medical-mission.sivananda.eu\/fr\/wp-json\/wp\/v2\/pages\/698","targetHints":{"allow":["GET"]}}],"collection":[{"href":"https:\/\/medical-mission.sivananda.eu\/fr\/wp-json\/wp\/v2\/pages"}],"about":[{"href":"https:\/\/medical-mission.sivananda.eu\/fr\/wp-json\/wp\/v2\/types\/page"}],"author":[{"embeddable":true,"href":"https:\/\/medical-mission.sivananda.eu\/fr\/wp-json\/wp\/v2\/users\/1"}],"replies":[{"embeddable":true,"href":"https:\/\/medical-mission.sivananda.eu\/fr\/wp-json\/wp\/v2\/comments?post=698"}],"version-history":[{"count":1,"href":"https:\/\/medical-mission.sivananda.eu\/fr\/wp-json\/wp\/v2\/pages\/698\/revisions"}],"predecessor-version":[{"id":699,"href":"https:\/\/medical-mission.sivananda.eu\/fr\/wp-json\/wp\/v2\/pages\/698\/revisions\/699"}],"wp:attachment":[{"href":"https:\/\/medical-mission.sivananda.eu\/fr\/wp-json\/wp\/v2\/media?parent=698"}],"curies":[{"name":"wp","href":"https:\/\/api.w.org\/{rel}","templated":true}]}}