{"id":568,"date":"2015-03-24T11:13:00","date_gmt":"2015-03-24T10:13:00","guid":{"rendered":"https:\/\/medical-mission.sivananda.eu\/contact\/"},"modified":"2019-08-20T20:27:24","modified_gmt":"2019-08-20T18:27:24","slug":"contact","status":"publish","type":"page","link":"https:\/\/medical-mission.sivananda.eu\/es\/contact\/","title":{"rendered":"Contacto"},"content":{"rendered":"<p>[et_pb_section fb_built=\u00bb1&#8243; fullwidth=\u00bbon\u00bb _builder_version=\u00bb3.22.3&#8243; global_module=\u00bb384&#8243; saved_tabs=\u00bball\u00bb][et_pb_fullwidth_header title=\u00bbMisi\u00f3n M\u00e9dica Sivananda\u00bb text_orientation=\u00bbcenter\u00bb button_one_text=\u00bbDone ahora\u00bb button_one_url=\u00bbhttps:\/\/medical-mission.sivananda.eu\/es\/#donatenow\u00bb _builder_version=\u00bb3.25.4&#8243; title_font=\u00bb||||||||\u00bb content_font=\u00bb||||||||\u00bb content_font_size=\u00bb18px\u00bb content_line_height=\u00bb2em\u00bb custom_button_one=\u00bbon\u00bb button_one_text_color=\u00bb#ffffff\u00bb button_one_bg_color=\u00bb#ff4605&#8243; button_one_bg_color_gradient_start=\u00bb#e5802d\u00bb button_one_bg_color_gradient_end=\u00bb#e02b20&#8243; button_one_border_color=\u00bb#ffffff\u00bb button_one_font=\u00bb|||on|||||\u00bb box_shadow_style_button_one=\u00bbpreset3&#8243; animation_direction=\u00bbbottom\u00bb title_font_phone=\u00bb||||||||\u00bb title_font_last_edited=\u00bbon|desktop\u00bb content_font_phone=\u00bb||||||||\u00bb content_font_last_edited=\u00bbon|phone\u00bb]<\/p>\n<h3 style=\"text-align: center;\"><i>\u00abS\u00e9 simple y humilde. Sirve a los pobres y enfermos. El servicio es adoraci\u00f3n\u00bb<\/i><br \/>\n&#8211; Swami Sivananda<\/h3>\n<p>[\/et_pb_fullwidth_header][\/et_pb_section][et_pb_section fb_built=\u00bb1&#8243; _builder_version=\u00bb3.25.4&#8243; width=\u00bb60%\u00bb width_last_edited=\u00bbon|desktop\u00bb module_alignment=\u00bbcenter\u00bb][et_pb_row _builder_version=\u00bb3.25.4&#8243; background_size=\u00bbinitial\u00bb background_position=\u00bbtop_left\u00bb background_repeat=\u00bbrepeat\u00bb][et_pb_column type=\u00bb4_4&#8243; _builder_version=\u00bb3.25&#8243; custom_padding=\u00bb|||\u00bb custom_padding__hover=\u00bb|||\u00bb][et_pb_text _builder_version=\u00bb3.25.4&#8243;]<\/p>\n<h1>Formulario de contacto<\/h1>\n<p>Por favor, p\u00f3ngase en contacto con nosotros si tiene alguna pregunta.<\/p>\n<p>&nbsp;<\/p>\n<p><link rel='stylesheet' id='formidable-css' href='https:\/\/medical-mission.sivananda.eu\/wp-content\/plugins\/formidable\/css\/formidableforms.css?ver=4281227' type='text\/css' media='all' \/>\n<div class=\"frm_forms  with_frm_style frm_style_formidable-style\" id=\"frm_form_6_container\" >\n<form enctype=\"multipart\/form-data\" method=\"post\" class=\"frm-show-form  frm_pro_form \" id=\"form_contact-form-es\" >\n<div class=\"frm_form_fields \">\n<fieldset>\n<legend class=\"frm_screen_reader\">Formulario de contacto<\/legend>\r\n\r\n<div class=\"frm_fields_container\">\n<input type=\"hidden\" name=\"frm_action\" value=\"create\" \/>\n<input type=\"hidden\" name=\"form_id\" value=\"6\" \/>\n<input type=\"hidden\" name=\"frm_hide_fields_6\" id=\"frm_hide_fields_6\" value=\"\" \/>\n<input type=\"hidden\" name=\"form_key\" value=\"contact-form-es\" \/>\n<input type=\"hidden\" name=\"item_meta[0]\" value=\"\" \/>\n<input type=\"hidden\" id=\"frm_submit_entry_6\" name=\"frm_submit_entry_6\" value=\"ae24e9b482\" \/><input type=\"hidden\" name=\"_wp_http_referer\" value=\"\/es\/wp-json\/wp\/v2\/pages\/568\" \/><div id=\"frm_field_68_container\" class=\"frm_form_field form-field  frm_required_field frm_top_container frm_first frm_half\">\r\n    <label for=\"field_qh4icy2\" id=\"field_qh4icy2_label\" class=\"frm_primary_label\">Nombre completo\r\n        <span class=\"frm_required\">*<\/span>\r\n    <\/label>\r\n    <input  type=\"text\" id=\"field_qh4icy2\" name=\"item_meta[68]\" value=\"\"  data-reqmsg=\"Nombre completo cannot be blank.\" aria-required=\"true\" data-invmsg=\"Name is invalid\" aria-invalid=\"false\"   aria-describedby=\"frm_desc_field_qh4icy2\" \/>\r\n    <div class=\"frm_description\" id=\"frm_desc_field_qh4icy2\">Nombre<\/div>\r\n    \r\n<\/div>\n<div id=\"frm_field_69_container\" class=\"frm_form_field form-field  frm_required_field frm_hidden_container frm_half\">\r\n    <label for=\"field_ocfup12\" id=\"field_ocfup12_label\" class=\"frm_primary_label\">Apellidos\r\n        <span class=\"frm_required\">*<\/span>\r\n    <\/label>\r\n    <input  type=\"text\" id=\"field_ocfup12\" name=\"item_meta[69]\" value=\"\"  data-reqmsg=\"Apellidos cannot be blank.\" aria-required=\"true\" data-invmsg=\"Last is invalid\" aria-invalid=\"false\"   aria-describedby=\"frm_desc_field_ocfup12\" \/>\r\n    <div class=\"frm_description\" id=\"frm_desc_field_ocfup12\">Apellidos<\/div>\r\n    \r\n<\/div>\n<div id=\"frm_field_70_container\" class=\"frm_form_field form-field  frm_required_field frm_top_container frm_full\">\r\n    <label for=\"field_29yf4d2\" id=\"field_29yf4d2_label\" class=\"frm_primary_label\">Correo electr\u00f3nico\r\n        <span class=\"frm_required\">*<\/span>\r\n    <\/label>\r\n    <input type=\"email\" id=\"field_29yf4d2\" name=\"item_meta[70]\" value=\"\"  data-reqmsg=\"Correo electr\u00f3nico cannot be blank.\" aria-required=\"true\" data-invmsg=\"Please enter a valid email address\" aria-invalid=\"false\"  \/>\r\n    \r\n    \r\n<\/div>\n<div id=\"frm_field_71_container\" class=\"frm_form_field form-field  frm_required_field frm_top_container frm_full\">\r\n    <label for=\"field_9jv0r12\" id=\"field_9jv0r12_label\" class=\"frm_primary_label\">Mensaje\r\n        <span class=\"frm_required\">*<\/span>\r\n    <\/label>\r\n    <textarea name=\"item_meta[71]\" id=\"field_9jv0r12\" rows=\"5\"  data-reqmsg=\"Mensaje cannot be blank.\" aria-required=\"true\" data-invmsg=\"Mensaje no es v\u00e1lido\" aria-invalid=\"false\"  ><\/textarea>\r\n    \r\n    \r\n<\/div>\n<div id=\"frm_field_74_container\" class=\"frm_form_field form-field  frm_required_field frm_top_container vertical_radio\">\r\n    <div  id=\"field_hzrb1_label\" class=\"frm_primary_label\">Privacidad de datos\r\n        <span class=\"frm_required\">*<\/span>\r\n    <\/div>\r\n    <div class=\"frm_opt_container\" aria-labelledby=\"field_hzrb1_label\" role=\"radiogroup\" aria-required=\"true\">\t\t<div class=\"frm_radio\" id=\"frm_radio_74-0\">\t\t\t<label  for=\"field_hzrb1-0\">\n\t\t\t\t\t<input type=\"radio\" name=\"item_meta[74]\" id=\"field_hzrb1-0\" value=\"S\u00ed, he le\u00eddo &lt;a href=&quot;https:\/\/medical-mission.sivananda.eu\/es\/privacidad-de-datos\/&quot;&gt;la pol\u00edtica de privacidad&lt;\/a&gt; y acepto que los datos que proporcione se recopilen y almacenen electr\u00f3nicamente.\"\n\t\t data-reqmsg=\"Privacidad de datos cannot be blank.\" data-invmsg=\"Privacidad de datos no es v\u00e1lido\"   \/> S\u00ed, he le\u00eddo <a href=\"https:\/\/medical-mission.sivananda.eu\/es\/privacidad-de-datos\/\">la pol\u00edtica de privacidad<\/a> y acepto que los datos que proporcione se recopilen y almacenen electr\u00f3nicamente.<\/label><\/div>\n<\/div>\r\n    <div class=\"frm_description\" id=\"frm_desc_field_hzrb1\">Mis datos se utilizar\u00e1n exclusivamente para procesar y responder a mi solicitud. Al enviar este formulario de contacto acept\u00f3 el proceso de mis datos.<\/div>\r\n    \r\n<\/div>\n<div id=\"frm_field_73_container\" class=\"frm_form_field form-field  frm_none_container\">\r\n    <div  id=\"field_vvxi52_label\" class=\"frm_primary_label\">reCAPTCHA\r\n        <span class=\"frm_required\"><\/span>\r\n    <\/div>\r\n    <div  id=\"field_vvxi52\" class=\"frm-g-recaptcha\" data-sitekey=\"6LcL1lIUAAAAALc5-5qogd6VWFPNswV1RC-6soTd\" data-size=\"normal\" data-theme=\"light\"><\/div>\r\n    \r\n    \r\n<\/div>\n\t<input type=\"hidden\" name=\"item_key\" value=\"\" \/>\n\t\t\t<div id=\"frm_field_99_container\">\n\t\t\t<label for=\"field_fwm6k\" >\n\t\t\t\tSi eres humano, deja este campo en blanco.\t\t\t<\/label>\n\t\t\t<input  id=\"field_fwm6k\" type=\"text\" class=\"frm_form_field form-field frm_verify\" name=\"item_meta[99]\" value=\"\"  \/>\n\t\t<\/div>\n\t\t<input name=\"frm_state\" type=\"hidden\" value=\"0fhFpoNKZB9ohAoxjWF64iTgjKDmvfENFh+wtqloHW5o6CD9J2JhKYfscO2dpSkC\" \/><div class=\"frm_submit\">\r\n\r\n<button class=\"frm_button_submit frm_final_submit\" type=\"submit\"   formnovalidate=\"formnovalidate\">Enviar<\/button>\r\n\r\n<\/div><\/div>\n<\/fieldset>\n<\/div>\n\n<\/form>\n<\/div>\n[\/et_pb_text][\/et_pb_column][\/et_pb_row][\/et_pb_section]<\/p>\n","protected":false},"excerpt":{"rendered":"<p>\u00abS\u00e9 simple y humilde. Sirve a los pobres y enfermos. El servicio es adoraci\u00f3n\u00bb &#8211; Swami Sivananda Formulario de contacto Por favor, p\u00f3ngase en contacto con nosotros si tiene alguna pregunta. &nbsp; <div class=\"frm_forms  with_frm_style frm_style_formidable-style\" id=\"frm_form_6_container\" >\n<form enctype=\"multipart\/form-data\" method=\"post\" class=\"frm-show-form  frm_pro_form \" id=\"form_contact-form-es\" >\n<div class=\"frm_form_fields \">\n<fieldset>\n<legend class=\"frm_screen_reader\">Formulario de contacto<\/legend>\r\n\r\n<div class=\"frm_fields_container\">\n<input type=\"hidden\" name=\"frm_action\" value=\"create\" \/>\n<input type=\"hidden\" name=\"form_id\" value=\"6\" \/>\n<input type=\"hidden\" name=\"frm_hide_fields_6\" id=\"frm_hide_fields_6\" value=\"\" \/>\n<input type=\"hidden\" name=\"form_key\" value=\"contact-form-es\" \/>\n<input type=\"hidden\" name=\"item_meta[0]\" value=\"\" \/>\n<input type=\"hidden\" id=\"frm_submit_entry_6\" name=\"frm_submit_entry_6\" value=\"ae24e9b482\" \/><input type=\"hidden\" name=\"_wp_http_referer\" value=\"\/es\/wp-json\/wp\/v2\/pages\/568\" \/><div id=\"frm_field_68_container\" class=\"frm_form_field form-field  frm_required_field frm_top_container frm_first frm_half\">\r\n    <label for=\"field_qh4icy2\" id=\"field_qh4icy2_label\" class=\"frm_primary_label\">Nombre completo\r\n        <span class=\"frm_required\">*<\/span>\r\n    <\/label>\r\n    <input  type=\"text\" id=\"field_qh4icy2\" name=\"item_meta[68]\" value=\"\"  data-reqmsg=\"Nombre completo cannot be blank.\" aria-required=\"true\" data-invmsg=\"Name is invalid\" aria-invalid=\"false\"   aria-describedby=\"frm_desc_field_qh4icy2\" \/>\r\n    <div class=\"frm_description\" id=\"frm_desc_field_qh4icy2\">Nombre<\/div>\r\n    \r\n<\/div>\n<div id=\"frm_field_69_container\" class=\"frm_form_field form-field  frm_required_field frm_hidden_container frm_half\">\r\n    <label for=\"field_ocfup12\" id=\"field_ocfup12_label\" class=\"frm_primary_label\">Apellidos\r\n        <span class=\"frm_required\">*<\/span>\r\n    <\/label>\r\n    <input  type=\"text\" id=\"field_ocfup12\" name=\"item_meta[69]\" value=\"\"  data-reqmsg=\"Apellidos cannot be blank.\" aria-required=\"true\" data-invmsg=\"Last is invalid\" aria-invalid=\"false\"   aria-describedby=\"frm_desc_field_ocfup12\" \/>\r\n    <div class=\"frm_description\" id=\"frm_desc_field_ocfup12\">Apellidos<\/div>\r\n    \r\n<\/div>\n<div id=\"frm_field_70_container\" class=\"frm_form_field form-field  frm_required_field frm_top_container frm_full\">\r\n    <label for=\"field_29yf4d2\" id=\"field_29yf4d2_label\" class=\"frm_primary_label\">Correo electr\u00f3nico\r\n        <span class=\"frm_required\">*<\/span>\r\n    <\/label>\r\n    <input type=\"email\" id=\"field_29yf4d2\" name=\"item_meta[70]\" value=\"\"  data-reqmsg=\"Correo electr\u00f3nico cannot be blank.\" aria-required=\"true\" data-invmsg=\"Please enter a valid email address\" aria-invalid=\"false\"  \/>\r\n    \r\n    \r\n<\/div>\n<div id=\"frm_field_71_container\" class=\"frm_form_field form-field  frm_required_field frm_top_container frm_full\">\r\n    <label for=\"field_9jv0r12\" id=\"field_9jv0r12_label\" class=\"frm_primary_label\">Mensaje\r\n        <span class=\"frm_required\">*<\/span>\r\n    <\/label>\r\n    <textarea name=\"item_meta[71]\" id=\"field_9jv0r12\" rows=\"5\"  data-reqmsg=\"Mensaje cannot be blank.\" aria-required=\"true\" data-invmsg=\"Mensaje no es v\u00e1lido\" aria-invalid=\"false\"  ><\/textarea>\r\n    \r\n    \r\n<\/div>\n<div id=\"frm_field_74_container\" class=\"frm_form_field form-field  frm_required_field frm_top_container vertical_radio\">\r\n    <div  id=\"field_hzrb1_label\" class=\"frm_primary_label\">Privacidad de datos\r\n        <span class=\"frm_required\">*<\/span>\r\n    <\/div>\r\n    <div class=\"frm_opt_container\" aria-labelledby=\"field_hzrb1_label\" role=\"radiogroup\" aria-required=\"true\">\t\t<div class=\"frm_radio\" id=\"frm_radio_74-0\">\t\t\t<label  for=\"field_hzrb1-0\">\n\t\t\t\t\t<input type=\"radio\" name=\"item_meta[74]\" id=\"field_hzrb1-0\" value=\"S\u00ed, he le\u00eddo &lt;a href=&quot;https:\/\/medical-mission.sivananda.eu\/es\/privacidad-de-datos\/&quot;&gt;la pol\u00edtica de privacidad&lt;\/a&gt; y acepto que los datos que proporcione se recopilen y almacenen electr\u00f3nicamente.\"\n\t\t data-reqmsg=\"Privacidad de datos cannot be blank.\" data-invmsg=\"Privacidad de datos no es v\u00e1lido\"   \/> S\u00ed, he le\u00eddo <a href=\"https:\/\/medical-mission.sivananda.eu\/es\/privacidad-de-datos\/\">la pol\u00edtica de privacidad<\/a> y acepto que los datos que proporcione se recopilen y almacenen electr\u00f3nicamente.<\/label><\/div>\n<\/div>\r\n    <div class=\"frm_description\" id=\"frm_desc_field_hzrb1\">Mis datos se utilizar\u00e1n exclusivamente para procesar y responder a mi solicitud. Al enviar este formulario de contacto acept\u00f3 el proceso de mis datos.<\/div>\r\n    \r\n<\/div>\n<div id=\"frm_field_73_container\" class=\"frm_form_field form-field  frm_none_container\">\r\n    <div  id=\"field_vvxi52_label\" class=\"frm_primary_label\">reCAPTCHA\r\n        <span class=\"frm_required\"><\/span>\r\n    <\/div>\r\n    <div  id=\"field_vvxi52\" class=\"frm-g-recaptcha\" data-sitekey=\"6LcL1lIUAAAAALc5-5qogd6VWFPNswV1RC-6soTd\" data-size=\"normal\" data-theme=\"light\"><\/div>\r\n    \r\n    \r\n<\/div>\n\t<input type=\"hidden\" name=\"item_key\" value=\"\" \/>\n\t\t\t<div id=\"frm_field_100_container\">\n\t\t\t<label for=\"field_2h9w9\" >\n\t\t\t\tSi eres humano, deja este campo en blanco.\t\t\t<\/label>\n\t\t\t<input  id=\"field_2h9w9\" type=\"text\" class=\"frm_form_field form-field frm_verify\" name=\"item_meta[100]\" value=\"\"  \/>\n\t\t<\/div>\n\t\t<input name=\"frm_state\" type=\"hidden\" value=\"0fhFpoNKZB9ohAoxjWF64iTgjKDmvfENFh+wtqloHW7t7GlfEnnY1zemrh10LnMn\" \/><div class=\"frm_submit\">\r\n\r\n<button class=\"frm_button_submit frm_final_submit\" type=\"submit\"   formnovalidate=\"formnovalidate\">Enviar<\/button>\r\n\r\n<\/div><\/div>\n<\/fieldset>\n<\/div>\n\n<\/form>\n<\/div>\n<\/p>\n","protected":false},"author":1,"featured_media":0,"parent":0,"menu_order":0,"comment_status":"open","ping_status":"closed","template":"","meta":{"_et_pb_use_builder":"on","_et_pb_old_content":"","_et_gb_content_width":"","footnotes":""},"class_list":["post-568","page","type-page","status-publish","hentry"],"yoast_head":"<!-- This site is optimized with the Yoast SEO plugin v27.5 - https:\/\/yoast.com\/product\/yoast-seo-wordpress\/ -->\n<title>Contacto - Sivananda Medical Mission<\/title>\n<meta name=\"robots\" content=\"index, follow, max-snippet:-1, max-image-preview:large, max-video-preview:-1\" \/>\n<link rel=\"canonical\" href=\"https:\/\/medical-mission.sivananda.eu\/es\/contact\/\" \/>\n<meta property=\"og:locale\" content=\"es_ES\" \/>\n<meta property=\"og:type\" content=\"article\" \/>\n<meta property=\"og:title\" content=\"Contacto - Sivananda Medical Mission\" \/>\n<meta property=\"og:description\" content=\"&quot;S\u00e9 simple y humilde. Sirve a los pobres y enfermos. El servicio es adoraci\u00f3n&quot; - Swami Sivananda Formulario de contacto Por favor, p\u00f3ngase en contacto con nosotros si tiene alguna pregunta. &nbsp;\" \/>\n<meta property=\"og:url\" content=\"https:\/\/medical-mission.sivananda.eu\/es\/contact\/\" \/>\n<meta property=\"og:site_name\" content=\"Sivananda Medical Mission\" \/>\n<meta property=\"article:modified_time\" content=\"2019-08-20T18:27:24+00:00\" \/>\n<meta name=\"twitter:label1\" content=\"Tiempo de lectura\" \/>\n\t<meta name=\"twitter:data1\" content=\"1 minuto\" \/>\n<script type=\"application\/ld+json\" class=\"yoast-schema-graph\">{\"@context\":\"https:\\\/\\\/schema.org\",\"@graph\":[{\"@type\":\"WebPage\",\"@id\":\"https:\\\/\\\/medical-mission.sivananda.eu\\\/es\\\/contact\\\/\",\"url\":\"https:\\\/\\\/medical-mission.sivananda.eu\\\/es\\\/contact\\\/\",\"name\":\"Contacto - Sivananda Medical Mission\",\"isPartOf\":{\"@id\":\"https:\\\/\\\/medical-mission.sivananda.eu\\\/es\\\/#website\"},\"datePublished\":\"2015-03-24T10:13:00+00:00\",\"dateModified\":\"2019-08-20T18:27:24+00:00\",\"breadcrumb\":{\"@id\":\"https:\\\/\\\/medical-mission.sivananda.eu\\\/es\\\/contact\\\/#breadcrumb\"},\"inLanguage\":\"es\",\"potentialAction\":[{\"@type\":\"ReadAction\",\"target\":[\"https:\\\/\\\/medical-mission.sivananda.eu\\\/es\\\/contact\\\/\"]}]},{\"@type\":\"BreadcrumbList\",\"@id\":\"https:\\\/\\\/medical-mission.sivananda.eu\\\/es\\\/contact\\\/#breadcrumb\",\"itemListElement\":[{\"@type\":\"ListItem\",\"position\":1,\"name\":\"Home\",\"item\":\"https:\\\/\\\/medical-mission.sivananda.eu\\\/es\\\/\"},{\"@type\":\"ListItem\",\"position\":2,\"name\":\"Contacto\"}]},{\"@type\":\"WebSite\",\"@id\":\"https:\\\/\\\/medical-mission.sivananda.eu\\\/es\\\/#website\",\"url\":\"https:\\\/\\\/medical-mission.sivananda.eu\\\/es\\\/\",\"name\":\"Sivananda Medical Mission\",\"description\":\"International Sivananda Yoga Centres\",\"publisher\":{\"@id\":\"https:\\\/\\\/medical-mission.sivananda.eu\\\/es\\\/#organization\"},\"potentialAction\":[{\"@type\":\"SearchAction\",\"target\":{\"@type\":\"EntryPoint\",\"urlTemplate\":\"https:\\\/\\\/medical-mission.sivananda.eu\\\/es\\\/?s={search_term_string}\"},\"query-input\":{\"@type\":\"PropertyValueSpecification\",\"valueRequired\":true,\"valueName\":\"search_term_string\"}}],\"inLanguage\":\"es\"},{\"@type\":\"Organization\",\"@id\":\"https:\\\/\\\/medical-mission.sivananda.eu\\\/es\\\/#organization\",\"name\":\"Sivananda Medical Mission\",\"url\":\"https:\\\/\\\/medical-mission.sivananda.eu\\\/es\\\/\",\"logo\":{\"@type\":\"ImageObject\",\"inLanguage\":\"es\",\"@id\":\"https:\\\/\\\/medical-mission.sivananda.eu\\\/es\\\/#\\\/schema\\\/logo\\\/image\\\/\",\"url\":\"https:\\\/\\\/medical-mission.sivananda.eu\\\/wp-content\\\/uploads\\\/2019\\\/08\\\/two-logo-transparent.png\",\"contentUrl\":\"https:\\\/\\\/medical-mission.sivananda.eu\\\/wp-content\\\/uploads\\\/2019\\\/08\\\/two-logo-transparent.png\",\"width\":200,\"height\":191,\"caption\":\"Sivananda Medical Mission\"},\"image\":{\"@id\":\"https:\\\/\\\/medical-mission.sivananda.eu\\\/es\\\/#\\\/schema\\\/logo\\\/image\\\/\"}}]}<\/script>\n<!-- \/ Yoast SEO plugin. -->","yoast_head_json":{"title":"Contacto - Sivananda Medical Mission","robots":{"index":"index","follow":"follow","max-snippet":"max-snippet:-1","max-image-preview":"max-image-preview:large","max-video-preview":"max-video-preview:-1"},"canonical":"https:\/\/medical-mission.sivananda.eu\/es\/contact\/","og_locale":"es_ES","og_type":"article","og_title":"Contacto - Sivananda Medical Mission","og_description":"\"S\u00e9 simple y humilde. Sirve a los pobres y enfermos. El servicio es adoraci\u00f3n\" - Swami Sivananda Formulario de contacto Por favor, p\u00f3ngase en contacto con nosotros si tiene alguna pregunta. &nbsp;","og_url":"https:\/\/medical-mission.sivananda.eu\/es\/contact\/","og_site_name":"Sivananda Medical Mission","article_modified_time":"2019-08-20T18:27:24+00:00","twitter_misc":{"Tiempo de lectura":"1 minuto"},"schema":{"@context":"https:\/\/schema.org","@graph":[{"@type":"WebPage","@id":"https:\/\/medical-mission.sivananda.eu\/es\/contact\/","url":"https:\/\/medical-mission.sivananda.eu\/es\/contact\/","name":"Contacto - Sivananda Medical Mission","isPartOf":{"@id":"https:\/\/medical-mission.sivananda.eu\/es\/#website"},"datePublished":"2015-03-24T10:13:00+00:00","dateModified":"2019-08-20T18:27:24+00:00","breadcrumb":{"@id":"https:\/\/medical-mission.sivananda.eu\/es\/contact\/#breadcrumb"},"inLanguage":"es","potentialAction":[{"@type":"ReadAction","target":["https:\/\/medical-mission.sivananda.eu\/es\/contact\/"]}]},{"@type":"BreadcrumbList","@id":"https:\/\/medical-mission.sivananda.eu\/es\/contact\/#breadcrumb","itemListElement":[{"@type":"ListItem","position":1,"name":"Home","item":"https:\/\/medical-mission.sivananda.eu\/es\/"},{"@type":"ListItem","position":2,"name":"Contacto"}]},{"@type":"WebSite","@id":"https:\/\/medical-mission.sivananda.eu\/es\/#website","url":"https:\/\/medical-mission.sivananda.eu\/es\/","name":"Sivananda Medical Mission","description":"International Sivananda Yoga Centres","publisher":{"@id":"https:\/\/medical-mission.sivananda.eu\/es\/#organization"},"potentialAction":[{"@type":"SearchAction","target":{"@type":"EntryPoint","urlTemplate":"https:\/\/medical-mission.sivananda.eu\/es\/?s={search_term_string}"},"query-input":{"@type":"PropertyValueSpecification","valueRequired":true,"valueName":"search_term_string"}}],"inLanguage":"es"},{"@type":"Organization","@id":"https:\/\/medical-mission.sivananda.eu\/es\/#organization","name":"Sivananda Medical Mission","url":"https:\/\/medical-mission.sivananda.eu\/es\/","logo":{"@type":"ImageObject","inLanguage":"es","@id":"https:\/\/medical-mission.sivananda.eu\/es\/#\/schema\/logo\/image\/","url":"https:\/\/medical-mission.sivananda.eu\/wp-content\/uploads\/2019\/08\/two-logo-transparent.png","contentUrl":"https:\/\/medical-mission.sivananda.eu\/wp-content\/uploads\/2019\/08\/two-logo-transparent.png","width":200,"height":191,"caption":"Sivananda Medical Mission"},"image":{"@id":"https:\/\/medical-mission.sivananda.eu\/es\/#\/schema\/logo\/image\/"}}]}},"_links":{"self":[{"href":"https:\/\/medical-mission.sivananda.eu\/es\/wp-json\/wp\/v2\/pages\/568","targetHints":{"allow":["GET"]}}],"collection":[{"href":"https:\/\/medical-mission.sivananda.eu\/es\/wp-json\/wp\/v2\/pages"}],"about":[{"href":"https:\/\/medical-mission.sivananda.eu\/es\/wp-json\/wp\/v2\/types\/page"}],"author":[{"embeddable":true,"href":"https:\/\/medical-mission.sivananda.eu\/es\/wp-json\/wp\/v2\/users\/1"}],"replies":[{"embeddable":true,"href":"https:\/\/medical-mission.sivananda.eu\/es\/wp-json\/wp\/v2\/comments?post=568"}],"version-history":[{"count":12,"href":"https:\/\/medical-mission.sivananda.eu\/es\/wp-json\/wp\/v2\/pages\/568\/revisions"}],"predecessor-version":[{"id":681,"href":"https:\/\/medical-mission.sivananda.eu\/es\/wp-json\/wp\/v2\/pages\/568\/revisions\/681"}],"wp:attachment":[{"href":"https:\/\/medical-mission.sivananda.eu\/es\/wp-json\/wp\/v2\/media?parent=568"}],"curies":[{"name":"wp","href":"https:\/\/api.w.org\/{rel}","templated":true}]}}